{"id":81577,"date":"2023-09-07T13:48:15","date_gmt":"2023-09-07T13:48:15","guid":{"rendered":"http:\/\/transportesgarridoyramos.com\/?page_id=81577"},"modified":"2023-09-18T11:56:08","modified_gmt":"2023-09-18T11:56:08","slug":"quienes-somos","status":"publish","type":"page","link":"https:\/\/transportesgarridoyramos.com\/en\/quienes-somos\/","title":{"rendered":"Quienes somos"},"content":{"rendered":"<p>[et_pb_section fb_built=\u00bb1&#8243; _builder_version=\u00bb4.20.4&#8243; _module_preset=\u00bbdefault\u00bb use_background_color_gradient=\u00bbon\u00bb background_color_gradient_type=\u00bbcircular\u00bb background_color_gradient_direction_radial=\u00bbleft\u00bb background_color_gradient_stops=\u00bbrgba(65,137,201,0.8) 50%|rgba(190,30,40,0.8) 50%\u00bb background_color_gradient_overlays_image=\u00bbon\u00bb background_image=\u00bbhttp:\/\/transportesgarridoyramos.com\/wp-content\/uploads\/2023\/09\/Transporte.jpg\u00bb custom_padding=\u00bb100px||100px||true|false\u00bb global_colors_info=\u00bb{}\u00bb][et_pb_row column_structure=\u00bb3_5,2_5&#8243; _builder_version=\u00bb4.20.4&#8243; _module_preset=\u00bbdefault\u00bb global_colors_info=\u00bb{}\u00bb][et_pb_column type=\u00bb3_5&#8243; _builder_version=\u00bb4.20.4&#8243; _module_preset=\u00bbdefault\u00bb global_colors_info=\u00bb{}\u00bb][et_pb_text _builder_version=\u00bb4.20.4&#8243; _module_preset=\u00bbdefault\u00bb header_4_font=\u00bbManrope|800|||||||\u00bb header_4_text_align=\u00bbleft\u00bb header_4_text_color=\u00bb#FFFFFF\u00bb header_4_font_size=\u00bb15px\u00bb header_4_line_height=\u00bb1.4em\u00bb custom_margin=\u00bb0px||1px||false|false\u00bb custom_padding=\u00bb0px||0px||false|false\u00bb locked=\u00bboff\u00bb global_colors_info=\u00bb{}\u00bb]<\/p>\n<h4>Paqueter\u00eda y transporte de frutas en Granada<\/h4>\n<p>[\/et_pb_text][et_pb_text _builder_version=\u00bb4.20.4&#8243; _module_preset=\u00bbdefault\u00bb header_2_font=\u00bbBarlow Condensed|600||on|||||\u00bb header_2_text_align=\u00bbleft\u00bb header_2_text_color=\u00bb#1b1a1a\u00bb header_2_font_size=\u00bb52px\u00bb header_2_line_height=\u00bb1.1em\u00bb custom_margin=\u00bb0px||0px||false|false\u00bb custom_padding=\u00bb0px||0px||false|false\u00bb header_2_font_size_tablet=\u00bb52px\u00bb header_2_font_size_phone=\u00bb30px\u00bb header_2_font_size_last_edited=\u00bbon|phone\u00bb locked=\u00bboff\u00bb global_colors_info=\u00bb{}\u00bb]<\/p>\n<h2><span style=\"color: #ffffff;\">Empresa de transporte nacional en Granada<\/span><\/h2>\n<p>[\/et_pb_text][et_pb_text _builder_version=\u00bb4.20.4&#8243; _module_preset=\u00bbdefault\u00bb text_text_color=\u00bb#FFFFFF\u00bb global_colors_info=\u00bb{}\u00bb][\/et_pb_text][\/et_pb_column][et_pb_column type=\u00bb2_5&#8243; _builder_version=\u00bb4.20.4&#8243; _module_preset=\u00bbdefault\u00bb global_colors_info=\u00bb{}\u00bb][\/et_pb_column][\/et_pb_row][\/et_pb_section][et_pb_section fb_built=\u00bb1&#8243; use_custom_gutter=\u00bbon\u00bb gutter_width=\u00bb1&#8243; specialty=\u00bbon\u00bb custom_padding_last_edited=\u00bbon|tablet\u00bb padding_top_1=\u00bb0px\u00bb padding_top_2=\u00bb0px\u00bb padding_bottom_1=\u00bb0px\u00bb padding_bottom_2=\u00bb0px\u00bb padding_top_bottom_link_1=\u00bbfalse\u00bb padding_top_bottom_link_2=\u00bbfalse\u00bb padding_left_right_link_1=\u00bbfalse\u00bb _builder_version=\u00bb4.21.0&#8243; _module_preset=\u00bbdefault\u00bb inner_width=\u00bb90%\u00bb inner_max_width=\u00bb1170px\u00bb custom_margin=\u00bb0px||0px||false|false\u00bb custom_padding=\u00bb120px||120px||false|false\u00bb custom_padding_tablet=\u00bb120px||120px||false|false\u00bb custom_padding_phone=\u00bb87px||90px||false|false\u00bb global_colors_info=\u00bb{}\u00bb][et_pb_column type=\u00bb2_3&#8243; specialty_columns=\u00bb2&#8243; _builder_version=\u00bb4.16&#8243; custom_padding=\u00bb|||\u00bb global_colors_info=\u00bb{}\u00bb custom_padding__hover=\u00bb|||\u00bb][et_pb_row_inner _builder_version=\u00bb4.21.0&#8243; _module_preset=\u00bbdefault\u00bb width=\u00bb100%\u00bb max_width=\u00bb650px\u00bb custom_margin=\u00bb0px||32px||false|false\u00bb custom_margin_tablet=\u00bb0px||20px||false|false\u00bb custom_margin_phone=\u00bb||15px||false|false\u00bb custom_margin_last_edited=\u00bbon|tablet\u00bb custom_padding=\u00bb0px||0px||false|false\u00bb global_colors_info=\u00bb{}\u00bb][et_pb_column_inner saved_specialty_column_type=\u00bb2_3&#8243; _builder_version=\u00bb4.21.0&#8243; _module_preset=\u00bbdefault\u00bb global_colors_info=\u00bb{}\u00bb][et_pb_text _builder_version=\u00bb4.20.4&#8243; _module_preset=\u00bbdefault\u00bb header_4_font=\u00bbManrope|800|||||||\u00bb header_4_text_align=\u00bbleft\u00bb header_4_text_color=\u00bb#e11d07&#8243; header_4_font_size=\u00bb15px\u00bb header_4_line_height=\u00bb1.4em\u00bb custom_margin=\u00bb0px||1px||false|false\u00bb custom_padding=\u00bb0px||0px||false|false\u00bb global_colors_info=\u00bb{}\u00bb]<\/p>\n<h4>Una empresa familiar con m\u00e1s de 45 a\u00f1os de experiencia<\/h4>\n<p>[\/et_pb_text][et_pb_text _builder_version=\u00bb4.20.4&#8243; _module_preset=\u00bbdefault\u00bb header_2_font=\u00bbBarlow Condensed|600||on|||||\u00bb header_2_text_align=\u00bbleft\u00bb header_2_text_color=\u00bb#1b1a1a\u00bb header_2_font_size=\u00bb52px\u00bb header_2_line_height=\u00bb1.1em\u00bb custom_margin=\u00bb0px||0px||false|false\u00bb custom_padding=\u00bb0px||0px||false|false\u00bb header_2_font_size_tablet=\u00bb52px\u00bb header_2_font_size_phone=\u00bb30px\u00bb header_2_font_size_last_edited=\u00bbon|phone\u00bb global_colors_info=\u00bb{}\u00bb]<\/p>\n<h2>Especialistas en transportes de frutas y paqueter\u00eda<\/h2>\n<p>[\/et_pb_text][\/et_pb_column_inner][\/et_pb_row_inner][et_pb_row_inner use_custom_gutter=\u00bbon\u00bb gutter_width=\u00bb1&#8243; _builder_version=\u00bb4.20.4&#8243; _module_preset=\u00bbdefault\u00bb width=\u00bb100%\u00bb max_width=\u00bb670px\u00bb max_width_tablet=\u00bb100%\u00bb max_width_phone=\u00bb100%\u00bb max_width_last_edited=\u00bbon|tablet\u00bb custom_margin=\u00bb0px||0px||false|false\u00bb custom_padding=\u00bb0px||0px||false|false\u00bb global_colors_info=\u00bb{}\u00bb][et_pb_column_inner saved_specialty_column_type=\u00bb2_3&#8243; _builder_version=\u00bb4.21.0&#8243; _module_preset=\u00bbdefault\u00bb global_colors_info=\u00bb{}\u00bb][et_pb_text _builder_version=\u00bb4.20.4&#8243; _module_preset=\u00bbdefault\u00bb text_font=\u00bbManrope||||||||\u00bb text_text_color=\u00bb#9b9b9b\u00bb text_line_height=\u00bb1.8em\u00bb global_colors_info=\u00bb{}\u00bb]<\/p>\n<p><strong>Transportes Garrido y Ramos<\/strong> es resultado de la uni\u00f3n de dos empresas: Transportes Garrido y Ramos 90 SL\u00a0 con 45 a\u00f1os de experiencia en el s\u00e9ctor del transporte y Maria Victoria Garrido Ramos que desde 2021 ofrece servicios de paqueter\u00eda a empresas.<\/p>\n<p><span style=\"font-weight: 400;\">Transportes Garrido y Ramos es una <\/span><b>empresa de transporte nacional en Granada <\/b><span style=\"font-weight: 400;\">que fue fundada en septiembre de 2015. Sus administradores, Diego y Hortensia, llevan toda la vida comprometidos con el sector. M\u00e1s de 45 a\u00f1os de experiencia avalan la calidad humana y profesional de su servicio. M\u00aa Victoria Garrido Ramos se une al equipo como independiente, representando el futuro de una empresa familiar que nunca para de crecer.\u00a0\u00a0<\/span><\/p>\n<p>[\/et_pb_text][\/et_pb_column_inner][\/et_pb_row_inner][\/et_pb_column][et_pb_column type=\u00bb1_3&#8243; _builder_version=\u00bb4.16&#8243; custom_padding=\u00bb|||\u00bb global_colors_info=\u00bb{}\u00bb custom_padding__hover=\u00bb|||\u00bb][et_pb_image src=\u00bbhttp:\/\/transportesgarridoyramos.com\/wp-content\/uploads\/2023\/09\/garridoyramos.jpg\u00bb align=\u00bbright\u00bb align_tablet=\u00bbcenter\u00bb align_phone=\u00bbcenter\u00bb align_last_edited=\u00bbon|tablet\u00bb _builder_version=\u00bb4.20.4&#8243; _module_preset=\u00bbdefault\u00bb custom_margin=\u00bb0px|0px|0px|-40px|false|false\u00bb custom_margin_tablet=\u00bb0px|0px|0px|0px|false|false\u00bb custom_margin_phone=\u00bb0px|0px|0px|0px|false|false\u00bb custom_margin_last_edited=\u00bbon|tablet\u00bb custom_padding=\u00bb0px||0px||false|false\u00bb hover_enabled=\u00bb0&#8243; border_radii=\u00bbon|3px|3px|3px|3px\u00bb global_colors_info=\u00bb{}\u00bb title_text=\u00bbgarridoyramos\u00bb sticky_enabled=\u00bb0&#8243;][\/et_pb_image][et_pb_blurb title=\u00bb45 A\u00d1OS\u00bb image=\u00bbhttp:\/\/transportesgarridoyramos.com\/wp-content\/uploads\/2023\/09\/logistic-9-yam-19war.png\u00bb image_icon_width=\u00bb66px\u00bb _builder_version=\u00bb4.20.4&#8243; _module_preset=\u00bbdefault\u00bb header_font=\u00bbManrope||||||||\u00bb header_text_align=\u00bbcenter\u00bb header_text_color=\u00bb#FFFFFF\u00bb header_font_size=\u00bb36px\u00bb body_font=\u00bbManrope|800|||||||\u00bb body_text_align=\u00bbcenter\u00bb body_text_color=\u00bb#FFFFFF\u00bb background_color=\u00bb#4189c9&#8243; image_icon_custom_margin=\u00bb0px||0px||false|false\u00bb image_icon_custom_padding=\u00bb0px||0px||false|false\u00bb positioning=\u00bbabsolute\u00bb position_origin_a=\u00bbbottom_left\u00bb vertical_offset=\u00bb80px\u00bb horizontal_offset=\u00bb-76px\u00bb vertical_offset_tablet=\u00bb80px\u00bb vertical_offset_phone=\u00bb0px\u00bb vertical_offset_last_edited=\u00bbon|phone\u00bb horizontal_offset_tablet=\u00bb40px\u00bb horizontal_offset_phone=\u00bb0px\u00bb horizontal_offset_last_edited=\u00bbon|tablet\u00bb custom_margin=\u00bb0px||0px||false|false\u00bb custom_padding=\u00bb36px|43px|38px|43px|false|false\u00bb animation=\u00bboff\u00bb header_font_size_tablet=\u00bb36px\u00bb header_font_size_phone=\u00bb30px\u00bb header_font_size_last_edited=\u00bbon|phone\u00bb custom_css_main_element=\u00bbdisplay:inline-block;||animation-name: down;||    animation-duration: 3s;||    animation-iteration-count: infinite;||    animation-timing-function: ease-in-out;||    margin-left: 0px;||    margin-top: 0px;||}||||@keyframes down {||    from { transform: translate(0,  0px); }||    50%  { transform: translate(0, -15px); }||    to   { transform: translate(0, -0px); }    ||\u00bb custom_css_blurb_content=\u00bbmargin:0px;\u00bb border_radii=\u00bbon|3px|3px|3px|3px\u00bb global_colors_info=\u00bb{}\u00bb]<\/p>\n<p>de experiencia<\/p>\n<p>[\/et_pb_blurb][\/et_pb_column][\/et_pb_section][et_pb_section fb_built=\u00bb1&#8243; _builder_version=\u00bb4.20.4&#8243; _module_preset=\u00bbdefault\u00bb global_colors_info=\u00bb{}\u00bb][et_pb_row column_structure=\u00bb1_2,1_2&#8243; use_custom_gutter=\u00bbon\u00bb gutter_width=\u00bb2&#8243; make_equal=\u00bbon\u00bb _builder_version=\u00bb4.20.4&#8243; _module_preset=\u00bbdefault\u00bb transform_translate_linked__hover=\u00bboff\u00bb z_index=\u00bb118&#8243; width=\u00bb90%\u00bb max_width=\u00bb1170px\u00bb max_width_tablet=\u00bb370px\u00bb max_width_phone=\u00bb370px\u00bb max_width_last_edited=\u00bbon|tablet\u00bb locked=\u00bboff\u00bb global_colors_info=\u00bb{}\u00bb transform_styles__hover_enabled=\u00bboff|hover\u00bb transform_scale__hover_enabled=\u00bboff|hover\u00bb transform_translate__hover_enabled=\u00bboff|hover\u00bb transform_rotate__hover_enabled=\u00bboff|hover\u00bb transform_skew__hover_enabled=\u00bboff|hover\u00bb transform_origin__hover_enabled=\u00bboff|hover\u00bb transform_translate__hover=\u00bb0px|-10px\u00bb][et_pb_column type=\u00bb1_2&#8243; _builder_version=\u00bb4.21.0&#8243; _module_preset=\u00bbdefault\u00bb background_color=\u00bb#FFFFFF\u00bb animation_style=\u00bbslide\u00bb animation_duration=\u00bb600ms\u00bb animation_delay=\u00bb500ms\u00bb animation_speed_curve=\u00bbease\u00bb border_radii=\u00bbon|3px|3px|3px|3px\u00bb box_shadow_style=\u00bbpreset1&#8243; box_shadow_vertical=\u00bb5px\u00bb box_shadow_blur=\u00bb83px\u00bb box_shadow_color=\u00bbrgba(40,40,40,0.12)\u00bb global_colors_info=\u00bb{}\u00bb transform_styles__hover_enabled=\u00bbon|hover\u00bb transform_scale__hover_enabled=\u00bbon|desktop\u00bb transform_translate__hover=\u00bb0px|-10px\u00bb transform_translate__hover_enabled=\u00bbon|hover\u00bb transform_rotate__hover_enabled=\u00bbon|desktop\u00bb transform_skew__hover_enabled=\u00bbon|desktop\u00bb transform_origin__hover_enabled=\u00bbon|desktop\u00bb][et_pb_image src=\u00bbhttp:\/\/transportesgarridoyramos.com\/wp-content\/uploads\/2023\/09\/logistic-9-yam-7.jpg\u00bb alt=\u00bblogistic-9-yam-7&#8243; title_text=\u00bblogistic-9-yam-7&#8243; force_fullwidth=\u00bbon\u00bb _builder_version=\u00bb4.20.4&#8243; _module_preset=\u00bbdefault\u00bb custom_margin=\u00bb0px||0px||false|false\u00bb custom_padding=\u00bb0px||0px||false|false\u00bb global_colors_info=\u00bb{}\u00bb][\/et_pb_image][et_pb_text _builder_version=\u00bb4.20.4&#8243; _module_preset=\u00bbdefault\u00bb header_4_font=\u00bbBarlow Condensed|600||on|||||\u00bb header_4_text_align=\u00bbleft\u00bb header_4_text_color=\u00bb#1b1a1a\u00bb header_4_font_size=\u00bb24px\u00bb header_4_line_height=\u00bb1.2em\u00bb custom_margin=\u00bb0px||0px||false|false\u00bb custom_padding=\u00bb34px|50px|7px|50px|false|false\u00bb global_colors_info=\u00bb{}\u00bb]<\/p>\n<h4>Capital humano: un valor indispensable para nuestra empresa<\/h4>\n<p>[\/et_pb_text][et_pb_text _builder_version=\u00bb4.20.4&#8243; _module_preset=\u00bbdefault\u00bb text_font=\u00bbManrope||||||||\u00bb text_text_color=\u00bb#9b9b9b\u00bb text_line_height=\u00bb1.8em\u00bb custom_margin=\u00bb0px||26px||false|false\u00bb custom_padding=\u00bb0px|50px|0px|50px|false|false\u00bb global_colors_info=\u00bb{}\u00bb]<\/p>\n<p><span style=\"font-weight: 400;\">Nuestro equipo, compuesto por conductores, mec\u00e1nicos y asistentes de oficina bien cualificados, crece y se fortalece cada a\u00f1o, impulsando la excelencia de nuestro servicio. Colaboramos con <\/span><i><span style=\"font-weight: 400;\">grandes y peque\u00f1as empresas<\/span><\/i><span style=\"font-weight: 400;\">, brindando soluciones a medida. Especializados en el <\/span><b>traslado comercial de paqueter\u00eda y frutas, trazamos rutas eficientes y seguras<\/b><span style=\"font-weight: 400;\"> para sus env\u00edos.<\/span><\/p>\n<p>[\/et_pb_text][\/et_pb_column][et_pb_column type=\u00bb1_2&#8243; _builder_version=\u00bb4.21.0&#8243; _module_preset=\u00bbdefault\u00bb background_color=\u00bb#FFFFFF\u00bb animation_style=\u00bbslide\u00bb animation_duration=\u00bb600ms\u00bb animation_delay=\u00bb750ms\u00bb animation_speed_curve=\u00bbease\u00bb border_radii=\u00bbon|3px|3px|3px|3px\u00bb box_shadow_style=\u00bbpreset1&#8243; box_shadow_vertical=\u00bb5px\u00bb box_shadow_blur=\u00bb83px\u00bb box_shadow_color=\u00bbrgba(40,40,40,0.12)\u00bb global_colors_info=\u00bb{}\u00bb transform_styles__hover_enabled=\u00bbon|hover\u00bb transform_scale__hover_enabled=\u00bbon|desktop\u00bb transform_translate__hover=\u00bb0px|-10px\u00bb transform_translate__hover_enabled=\u00bbon|hover\u00bb transform_rotate__hover_enabled=\u00bbon|desktop\u00bb transform_skew__hover_enabled=\u00bbon|desktop\u00bb transform_origin__hover_enabled=\u00bbon|desktop\u00bb][et_pb_image src=\u00bbhttp:\/\/transportesgarridoyramos.com\/wp-content\/uploads\/2023\/09\/logistic-9-yam-2.jpg\u00bb alt=\u00bblogistic-9-yam-2&#8243; title_text=\u00bblogistic-9-yam-2&#8243; force_fullwidth=\u00bbon\u00bb _builder_version=\u00bb4.20.4&#8243; _module_preset=\u00bbdefault\u00bb custom_margin=\u00bb0px||0px||false|false\u00bb custom_padding=\u00bb0px||0px||false|false\u00bb global_colors_info=\u00bb{}\u00bb][\/et_pb_image][et_pb_text _builder_version=\u00bb4.20.4&#8243; _module_preset=\u00bbdefault\u00bb header_4_font=\u00bbBarlow Condensed|600||on|||||\u00bb header_4_text_align=\u00bbleft\u00bb header_4_text_color=\u00bb#1b1a1a\u00bb header_4_font_size=\u00bb24px\u00bb header_4_line_height=\u00bb1.2em\u00bb custom_margin=\u00bb0px||0px||false|false\u00bb custom_padding=\u00bb34px|50px|7px|50px|false|false\u00bb global_colors_info=\u00bb{}\u00bb]<\/p>\n<h4>Elija nuestra empresa de transporte nacional en Granada<\/h4>\n<p>[\/et_pb_text][et_pb_text _builder_version=\u00bb4.20.4&#8243; _module_preset=\u00bbdefault\u00bb text_font=\u00bbManrope||||||||\u00bb text_text_color=\u00bb#9b9b9b\u00bb text_line_height=\u00bb1.8em\u00bb custom_margin=\u00bb0px||26px||false|false\u00bb custom_padding=\u00bb0px|50px|0px|50px|false|false\u00bb global_colors_info=\u00bb{}\u00bb]<\/p>\n<p><span style=\"font-weight: 400;\">La calidad es una cualidad que llevamos al m\u00e1ximo nivel en Transportes Garrido y Ramos. Nos especializamos en la satisfacci\u00f3n, por ello nos comprometemos al 100% con nuestros clientes, brind\u00e1ndoles soluciones a medida y adaptadas a las exigencias de su <\/span><b>plan de distribuci\u00f3n por carretera<\/b><span style=\"font-weight: 400;\">.\u00a0\u00a0\u00a0\u00a0<\/span><\/p>\n<p>[\/et_pb_text][\/et_pb_column][\/et_pb_row][\/et_pb_section]<\/p>","protected":false},"excerpt":{"rendered":"<p>Paqueter\u00eda y transporte de frutas en GranadaEmpresa de transporte nacional en GranadaUna empresa familiar con m\u00e1s de 45 a\u00f1os de experienciaEspecialistas en transportes de frutas y paqueter\u00edaTransportes Garrido y Ramos es resultado de la uni\u00f3n de dos empresas: Transportes Garrido y Ramos 90 SL\u00a0 con 45 a\u00f1os de experiencia en el s\u00e9ctor del transporte y [&hellip;]<\/p>","protected":false},"author":2,"featured_media":0,"parent":0,"menu_order":0,"comment_status":"closed","ping_status":"closed","template":"","meta":{"_et_pb_use_builder":"on","_et_pb_old_content":"","_et_gb_content_width":"","_monsterinsights_skip_tracking":false,"_monsterinsights_sitenote_active":false,"_monsterinsights_sitenote_note":"","_monsterinsights_sitenote_category":0,"footnotes":""},"class_list":["post-81577","page","type-page","status-publish","hentry"],"yoast_head":"<!-- This site is optimized with the Yoast SEO plugin v21.5 - https:\/\/yoast.com\/wordpress\/plugins\/seo\/ -->\n<title>Quienes somos - Transportes Garrido y Ramos<\/title>\n<meta name=\"robots\" content=\"index, follow, max-snippet:-1, max-image-preview:large, max-video-preview:-1\" \/>\n<link rel=\"canonical\" href=\"https:\/\/transportesgarridoyramos.com\/en\/quienes-somos\/\" \/>\n<meta property=\"og:locale\" content=\"en_GB\" \/>\n<meta property=\"og:type\" content=\"article\" \/>\n<meta property=\"og:title\" content=\"Quienes somos - Transportes Garrido y Ramos\" \/>\n<meta property=\"og:description\" content=\"Paqueter\u00eda y transporte de frutas en GranadaEmpresa de transporte nacional en GranadaUna empresa familiar con m\u00e1s de 45 a\u00f1os de experienciaEspecialistas en transportes de frutas y paqueter\u00edaTransportes Garrido y Ramos es resultado de la uni\u00f3n de dos empresas: Transportes Garrido y Ramos 90 SL\u00a0 con 45 a\u00f1os de experiencia en el s\u00e9ctor del transporte y [&hellip;]\" \/>\n<meta property=\"og:url\" content=\"https:\/\/transportesgarridoyramos.com\/en\/quienes-somos\/\" \/>\n<meta property=\"og:site_name\" content=\"Transportes Garrido y Ramos\" \/>\n<meta property=\"article:modified_time\" content=\"2023-09-18T11:56:08+00:00\" \/>\n<meta name=\"twitter:card\" content=\"summary_large_image\" \/>\n<meta name=\"twitter:label1\" content=\"Estimated reading time\" \/>\n\t<meta name=\"twitter:data1\" content=\"9 minutes\" \/>\n<script type=\"application\/ld+json\" class=\"yoast-schema-graph\">{\"@context\":\"https:\/\/schema.org\",\"@graph\":[{\"@type\":\"WebPage\",\"@id\":\"https:\/\/transportesgarridoyramos.com\/quienes-somos\/\",\"url\":\"https:\/\/transportesgarridoyramos.com\/quienes-somos\/\",\"name\":\"Quienes somos - Transportes Garrido y Ramos\",\"isPartOf\":{\"@id\":\"https:\/\/transportesgarridoyramos.com\/#website\"},\"datePublished\":\"2023-09-07T13:48:15+00:00\",\"dateModified\":\"2023-09-18T11:56:08+00:00\",\"breadcrumb\":{\"@id\":\"https:\/\/transportesgarridoyramos.com\/quienes-somos\/#breadcrumb\"},\"inLanguage\":\"en-GB\",\"potentialAction\":[{\"@type\":\"ReadAction\",\"target\":[\"https:\/\/transportesgarridoyramos.com\/quienes-somos\/\"]}]},{\"@type\":\"BreadcrumbList\",\"@id\":\"https:\/\/transportesgarridoyramos.com\/quienes-somos\/#breadcrumb\",\"itemListElement\":[{\"@type\":\"ListItem\",\"position\":1,\"name\":\"Portada\",\"item\":\"https:\/\/transportesgarridoyramos.com\/\"},{\"@type\":\"ListItem\",\"position\":2,\"name\":\"Quienes somos\"}]},{\"@type\":\"WebSite\",\"@id\":\"https:\/\/transportesgarridoyramos.com\/#website\",\"url\":\"https:\/\/transportesgarridoyramos.com\/\",\"name\":\"Transportes Garrido y Ramos\",\"description\":\"Paqueter\u00eda y Transporte de Frutas en Granada\",\"publisher\":{\"@id\":\"https:\/\/transportesgarridoyramos.com\/#organization\"},\"potentialAction\":[{\"@type\":\"SearchAction\",\"target\":{\"@type\":\"EntryPoint\",\"urlTemplate\":\"https:\/\/transportesgarridoyramos.com\/?s={search_term_string}\"},\"query-input\":\"required name=search_term_string\"}],\"inLanguage\":\"en-GB\"},{\"@type\":\"Organization\",\"@id\":\"https:\/\/transportesgarridoyramos.com\/#organization\",\"name\":\"Transportes Garrido y Ramos\",\"url\":\"https:\/\/transportesgarridoyramos.com\/\",\"logo\":{\"@type\":\"ImageObject\",\"inLanguage\":\"en-GB\",\"@id\":\"https:\/\/transportesgarridoyramos.com\/#\/schema\/logo\/image\/\",\"url\":\"https:\/\/transportesgarridoyramos.com\/wp-content\/uploads\/2023\/09\/cropped-6.-LOGO_TGR_DEFINITIVO-1.jpg\",\"contentUrl\":\"https:\/\/transportesgarridoyramos.com\/wp-content\/uploads\/2023\/09\/cropped-6.-LOGO_TGR_DEFINITIVO-1.jpg\",\"width\":512,\"height\":512,\"caption\":\"Transportes Garrido y Ramos\"},\"image\":{\"@id\":\"https:\/\/transportesgarridoyramos.com\/#\/schema\/logo\/image\/\"}}]}<\/script>\n<!-- \/ Yoast SEO plugin. -->","yoast_head_json":{"title":"Quienes somos - Transportes Garrido y Ramos","robots":{"index":"index","follow":"follow","max-snippet":"max-snippet:-1","max-image-preview":"max-image-preview:large","max-video-preview":"max-video-preview:-1"},"canonical":"https:\/\/transportesgarridoyramos.com\/en\/quienes-somos\/","og_locale":"en_GB","og_type":"article","og_title":"Quienes somos - Transportes Garrido y Ramos","og_description":"Paqueter\u00eda y transporte de frutas en GranadaEmpresa de transporte nacional en GranadaUna empresa familiar con m\u00e1s de 45 a\u00f1os de experienciaEspecialistas en transportes de frutas y paqueter\u00edaTransportes Garrido y Ramos es resultado de la uni\u00f3n de dos empresas: Transportes Garrido y Ramos 90 SL\u00a0 con 45 a\u00f1os de experiencia en el s\u00e9ctor del transporte y [&hellip;]","og_url":"https:\/\/transportesgarridoyramos.com\/en\/quienes-somos\/","og_site_name":"Transportes Garrido y Ramos","article_modified_time":"2023-09-18T11:56:08+00:00","twitter_card":"summary_large_image","twitter_misc":{"Estimated reading time":"9 minutes"},"schema":{"@context":"https:\/\/schema.org","@graph":[{"@type":"WebPage","@id":"https:\/\/transportesgarridoyramos.com\/quienes-somos\/","url":"https:\/\/transportesgarridoyramos.com\/quienes-somos\/","name":"Quienes somos - Transportes Garrido y Ramos","isPartOf":{"@id":"https:\/\/transportesgarridoyramos.com\/#website"},"datePublished":"2023-09-07T13:48:15+00:00","dateModified":"2023-09-18T11:56:08+00:00","breadcrumb":{"@id":"https:\/\/transportesgarridoyramos.com\/quienes-somos\/#breadcrumb"},"inLanguage":"en-GB","potentialAction":[{"@type":"ReadAction","target":["https:\/\/transportesgarridoyramos.com\/quienes-somos\/"]}]},{"@type":"BreadcrumbList","@id":"https:\/\/transportesgarridoyramos.com\/quienes-somos\/#breadcrumb","itemListElement":[{"@type":"ListItem","position":1,"name":"Portada","item":"https:\/\/transportesgarridoyramos.com\/"},{"@type":"ListItem","position":2,"name":"Quienes somos"}]},{"@type":"WebSite","@id":"https:\/\/transportesgarridoyramos.com\/#website","url":"https:\/\/transportesgarridoyramos.com\/","name":"Transportes Garrido y Ramos","description":"Paqueter\u00eda y Transporte de Frutas en Granada","publisher":{"@id":"https:\/\/transportesgarridoyramos.com\/#organization"},"potentialAction":[{"@type":"SearchAction","target":{"@type":"EntryPoint","urlTemplate":"https:\/\/transportesgarridoyramos.com\/?s={search_term_string}"},"query-input":"required name=search_term_string"}],"inLanguage":"en-GB"},{"@type":"Organization","@id":"https:\/\/transportesgarridoyramos.com\/#organization","name":"Transportes Garrido y Ramos","url":"https:\/\/transportesgarridoyramos.com\/","logo":{"@type":"ImageObject","inLanguage":"en-GB","@id":"https:\/\/transportesgarridoyramos.com\/#\/schema\/logo\/image\/","url":"https:\/\/transportesgarridoyramos.com\/wp-content\/uploads\/2023\/09\/cropped-6.-LOGO_TGR_DEFINITIVO-1.jpg","contentUrl":"https:\/\/transportesgarridoyramos.com\/wp-content\/uploads\/2023\/09\/cropped-6.-LOGO_TGR_DEFINITIVO-1.jpg","width":512,"height":512,"caption":"Transportes Garrido y Ramos"},"image":{"@id":"https:\/\/transportesgarridoyramos.com\/#\/schema\/logo\/image\/"}}]}},"_links":{"self":[{"href":"https:\/\/transportesgarridoyramos.com\/en\/wp-json\/wp\/v2\/pages\/81577","targetHints":{"allow":["GET"]}}],"collection":[{"href":"https:\/\/transportesgarridoyramos.com\/en\/wp-json\/wp\/v2\/pages"}],"about":[{"href":"https:\/\/transportesgarridoyramos.com\/en\/wp-json\/wp\/v2\/types\/page"}],"author":[{"embeddable":true,"href":"https:\/\/transportesgarridoyramos.com\/en\/wp-json\/wp\/v2\/users\/2"}],"replies":[{"embeddable":true,"href":"https:\/\/transportesgarridoyramos.com\/en\/wp-json\/wp\/v2\/comments?post=81577"}],"version-history":[{"count":12,"href":"https:\/\/transportesgarridoyramos.com\/en\/wp-json\/wp\/v2\/pages\/81577\/revisions"}],"predecessor-version":[{"id":81664,"href":"https:\/\/transportesgarridoyramos.com\/en\/wp-json\/wp\/v2\/pages\/81577\/revisions\/81664"}],"wp:attachment":[{"href":"https:\/\/transportesgarridoyramos.com\/en\/wp-json\/wp\/v2\/media?parent=81577"}],"curies":[{"name":"wp","href":"https:\/\/api.w.org\/{rel}","templated":true}]}}