{"id":81568,"date":"2023-09-06T17:01:43","date_gmt":"2023-09-06T17:01:43","guid":{"rendered":"http:\/\/transportesgarridoyramos.com\/?page_id=81568"},"modified":"2023-09-14T20:30:37","modified_gmt":"2023-09-14T20:30:37","slug":"trabaja-con-nosotros","status":"publish","type":"page","link":"https:\/\/transportesgarridoyramos.com\/en\/trabaja-con-nosotros\/","title":{"rendered":"Trabaja con nosotros"},"content":{"rendered":"<p>[et_pb_section fb_built=\u00bb1&#8243; _builder_version=\u00bb4.20.4&#8243; _module_preset=\u00bbdefault\u00bb use_background_color_gradient=\u00bbon\u00bb background_color_gradient_type=\u00bbcircular\u00bb background_color_gradient_direction_radial=\u00bbleft\u00bb background_color_gradient_stops=\u00bbrgba(65,137,201,0.8) 50%|rgba(190,30,40,0.8) 50%\u00bb background_color_gradient_overlays_image=\u00bbon\u00bb background_image=\u00bbhttp:\/\/transportesgarridoyramos.com\/wp-content\/uploads\/2023\/09\/Transporte.jpg\u00bb custom_padding=\u00bb100px||100px||true|false\u00bb locked=\u00bboff\u00bb global_colors_info=\u00bb{}\u00bb][et_pb_row column_structure=\u00bb3_5,2_5&#8243; _builder_version=\u00bb4.20.4&#8243; _module_preset=\u00bbdefault\u00bb global_colors_info=\u00bb{}\u00bb][et_pb_column type=\u00bb3_5&#8243; _builder_version=\u00bb4.20.4&#8243; _module_preset=\u00bbdefault\u00bb global_colors_info=\u00bb{}\u00bb][et_pb_text _builder_version=\u00bb4.20.4&#8243; _module_preset=\u00bbdefault\u00bb header_4_font=\u00bbManrope|800|||||||\u00bb header_4_text_align=\u00bbleft\u00bb header_4_text_color=\u00bb#FFFFFF\u00bb header_4_font_size=\u00bb15px\u00bb header_4_line_height=\u00bb1.4em\u00bb custom_margin=\u00bb0px||1px||false|false\u00bb custom_padding=\u00bb0px||0px||false|false\u00bb locked=\u00bboff\u00bb global_colors_info=\u00bb{}\u00bb]<\/p>\n<h4>Paqueter\u00eda y transporte de frutas en Granada<\/h4>\n<p>[\/et_pb_text][et_pb_text _builder_version=\u00bb4.20.4&#8243; _module_preset=\u00bbdefault\u00bb header_2_font=\u00bbBarlow Condensed|600||on|||||\u00bb header_2_text_align=\u00bbleft\u00bb header_2_text_color=\u00bb#1b1a1a\u00bb header_2_font_size=\u00bb52px\u00bb header_2_line_height=\u00bb1.1em\u00bb custom_margin=\u00bb0px||0px||false|false\u00bb custom_padding=\u00bb0px||0px||false|false\u00bb header_2_font_size_tablet=\u00bb52px\u00bb header_2_font_size_phone=\u00bb30px\u00bb header_2_font_size_last_edited=\u00bbon|phone\u00bb locked=\u00bboff\u00bb global_colors_info=\u00bb{}\u00bb]<\/p>\n<h2><span style=\"color: #ffffff;\">Trabaja con nosotros<\/span><\/h2>\n<p>[\/et_pb_text][\/et_pb_column][et_pb_column type=\u00bb2_5&#8243; _builder_version=\u00bb4.20.4&#8243; _module_preset=\u00bbdefault\u00bb global_colors_info=\u00bb{}\u00bb][\/et_pb_column][\/et_pb_row][\/et_pb_section][et_pb_section fb_built=\u00bb1&#8243; _builder_version=\u00bb4.20.4&#8243; _module_preset=\u00bbdefault\u00bb global_colors_info=\u00bb{}\u00bb][et_pb_row column_structure=\u00bb1_3,2_3&#8243; _builder_version=\u00bb4.20.4&#8243; _module_preset=\u00bbdefault\u00bb hover_enabled=\u00bb0&#8243; global_colors_info=\u00bb{}\u00bb use_custom_gutter=\u00bbon\u00bb sticky_enabled=\u00bb0&#8243;][et_pb_column type=\u00bb1_3&#8243; _builder_version=\u00bb4.20.4&#8243; _module_preset=\u00bbdefault\u00bb global_colors_info=\u00bb{}\u00bb][et_pb_text _builder_version=\u00bb4.20.4&#8243; _module_preset=\u00bbdefault\u00bb text_font=\u00bbManrope||||||||\u00bb text_text_color=\u00bb#9b9b9b\u00bb text_font_size=\u00bb16px\u00bb text_line_height=\u00bb1.8em\u00bb global_colors_info=\u00bb{}\u00bb]<\/p>\n<p><span style=\"font-weight: 400;\">\u00danete al futuro de nuestra <\/span><b>empresa de transporte de mercanc\u00edas en Granada<\/b><span style=\"font-weight: 400;\">. Queremos conocerte y poner en valor tu experiencia en log\u00edstica y transporte. Env\u00edanos tu curr\u00edculum si quieres recorrer con nosotros un camino lleno de \u00e9xitos. En Transportes Garrido y Ramos, apreciamos el talento que nos impulsa.<\/span><\/p>\n<p>[\/et_pb_text][\/et_pb_column][et_pb_column type=\u00bb2_3&#8243; _builder_version=\u00bb4.20.4&#8243; _module_preset=\u00bbdefault\u00bb global_colors_info=\u00bb{}\u00bb][dvppl_cf7_styler _builder_version=\u00bb4.20.4&#8243; _module_preset=\u00bbdefault\u00bb cf7=\u00bb81648&#8243; hover_enabled=\u00bb0&#8243; sticky_enabled=\u00bb0&#8243; use_form_button_fullwidth=\u00bbon\u00bb form_field_font_font=\u00bb|600|||||||\u00bb form_label_spacing=\u00bb8px\u00bb form_field_height=\u00bb45px\u00bb form_field_spacing=\u00bb0px\u00bb][\/dvppl_cf7_styler][\/et_pb_column][\/et_pb_row][\/et_pb_section]<\/p>","protected":false},"excerpt":{"rendered":"<p>Paqueter\u00eda y transporte de frutas en GranadaTrabaja con nosotros\u00danete al futuro de nuestra empresa de transporte de mercanc\u00edas en Granada. Queremos conocerte y poner en valor tu experiencia en log\u00edstica y transporte. Env\u00edanos tu curr\u00edculum si quieres recorrer con nosotros un camino lleno de \u00e9xitos. En Transportes Garrido y Ramos, apreciamos el talento que nos [&hellip;]<\/p>","protected":false},"author":2,"featured_media":0,"parent":0,"menu_order":0,"comment_status":"closed","ping_status":"closed","template":"","meta":{"_et_pb_use_builder":"on","_et_pb_old_content":"","_et_gb_content_width":"","_monsterinsights_skip_tracking":false,"_monsterinsights_sitenote_active":false,"_monsterinsights_sitenote_note":"","_monsterinsights_sitenote_category":0,"footnotes":""},"class_list":["post-81568","page","type-page","status-publish","hentry"],"yoast_head":"<!-- This site is optimized with the Yoast SEO plugin v21.5 - https:\/\/yoast.com\/wordpress\/plugins\/seo\/ -->\n<title>Trabaja con nosotros - Transportes Garrido y Ramos<\/title>\n<meta name=\"robots\" content=\"index, follow, max-snippet:-1, max-image-preview:large, max-video-preview:-1\" \/>\n<link rel=\"canonical\" href=\"https:\/\/transportesgarridoyramos.com\/en\/trabaja-con-nosotros\/\" \/>\n<meta property=\"og:locale\" content=\"en_GB\" \/>\n<meta property=\"og:type\" content=\"article\" \/>\n<meta property=\"og:title\" content=\"Trabaja con nosotros - Transportes Garrido y Ramos\" \/>\n<meta property=\"og:description\" content=\"Paqueter\u00eda y transporte de frutas en GranadaTrabaja con nosotros\u00danete al futuro de nuestra empresa de transporte de mercanc\u00edas en Granada. Queremos conocerte y poner en valor tu experiencia en log\u00edstica y transporte. Env\u00edanos tu curr\u00edculum si quieres recorrer con nosotros un camino lleno de \u00e9xitos. En Transportes Garrido y Ramos, apreciamos el talento que nos [&hellip;]\" \/>\n<meta property=\"og:url\" content=\"https:\/\/transportesgarridoyramos.com\/en\/trabaja-con-nosotros\/\" \/>\n<meta property=\"og:site_name\" content=\"Transportes Garrido y Ramos\" \/>\n<meta property=\"article:modified_time\" content=\"2023-09-14T20:30:37+00:00\" \/>\n<meta name=\"twitter:card\" content=\"summary_large_image\" \/>\n<meta name=\"twitter:label1\" content=\"Estimated reading time\" \/>\n\t<meta name=\"twitter:data1\" content=\"2 minutes\" \/>\n<script type=\"application\/ld+json\" class=\"yoast-schema-graph\">{\"@context\":\"https:\/\/schema.org\",\"@graph\":[{\"@type\":\"WebPage\",\"@id\":\"https:\/\/transportesgarridoyramos.com\/trabaja-con-nosotros\/\",\"url\":\"https:\/\/transportesgarridoyramos.com\/trabaja-con-nosotros\/\",\"name\":\"Trabaja con nosotros - Transportes Garrido y Ramos\",\"isPartOf\":{\"@id\":\"https:\/\/transportesgarridoyramos.com\/#website\"},\"datePublished\":\"2023-09-06T17:01:43+00:00\",\"dateModified\":\"2023-09-14T20:30:37+00:00\",\"breadcrumb\":{\"@id\":\"https:\/\/transportesgarridoyramos.com\/trabaja-con-nosotros\/#breadcrumb\"},\"inLanguage\":\"en-GB\",\"potentialAction\":[{\"@type\":\"ReadAction\",\"target\":[\"https:\/\/transportesgarridoyramos.com\/trabaja-con-nosotros\/\"]}]},{\"@type\":\"BreadcrumbList\",\"@id\":\"https:\/\/transportesgarridoyramos.com\/trabaja-con-nosotros\/#breadcrumb\",\"itemListElement\":[{\"@type\":\"ListItem\",\"position\":1,\"name\":\"Portada\",\"item\":\"https:\/\/transportesgarridoyramos.com\/\"},{\"@type\":\"ListItem\",\"position\":2,\"name\":\"Trabaja con nosotros\"}]},{\"@type\":\"WebSite\",\"@id\":\"https:\/\/transportesgarridoyramos.com\/#website\",\"url\":\"https:\/\/transportesgarridoyramos.com\/\",\"name\":\"Transportes Garrido y Ramos\",\"description\":\"Paqueter\u00eda y Transporte de Frutas en Granada\",\"publisher\":{\"@id\":\"https:\/\/transportesgarridoyramos.com\/#organization\"},\"potentialAction\":[{\"@type\":\"SearchAction\",\"target\":{\"@type\":\"EntryPoint\",\"urlTemplate\":\"https:\/\/transportesgarridoyramos.com\/?s={search_term_string}\"},\"query-input\":\"required name=search_term_string\"}],\"inLanguage\":\"en-GB\"},{\"@type\":\"Organization\",\"@id\":\"https:\/\/transportesgarridoyramos.com\/#organization\",\"name\":\"Transportes Garrido y Ramos\",\"url\":\"https:\/\/transportesgarridoyramos.com\/\",\"logo\":{\"@type\":\"ImageObject\",\"inLanguage\":\"en-GB\",\"@id\":\"https:\/\/transportesgarridoyramos.com\/#\/schema\/logo\/image\/\",\"url\":\"https:\/\/transportesgarridoyramos.com\/wp-content\/uploads\/2023\/09\/cropped-6.-LOGO_TGR_DEFINITIVO-1.jpg\",\"contentUrl\":\"https:\/\/transportesgarridoyramos.com\/wp-content\/uploads\/2023\/09\/cropped-6.-LOGO_TGR_DEFINITIVO-1.jpg\",\"width\":512,\"height\":512,\"caption\":\"Transportes Garrido y Ramos\"},\"image\":{\"@id\":\"https:\/\/transportesgarridoyramos.com\/#\/schema\/logo\/image\/\"}}]}<\/script>\n<!-- \/ Yoast SEO plugin. -->","yoast_head_json":{"title":"Trabaja con nosotros - Transportes Garrido y Ramos","robots":{"index":"index","follow":"follow","max-snippet":"max-snippet:-1","max-image-preview":"max-image-preview:large","max-video-preview":"max-video-preview:-1"},"canonical":"https:\/\/transportesgarridoyramos.com\/en\/trabaja-con-nosotros\/","og_locale":"en_GB","og_type":"article","og_title":"Trabaja con nosotros - Transportes Garrido y Ramos","og_description":"Paqueter\u00eda y transporte de frutas en GranadaTrabaja con nosotros\u00danete al futuro de nuestra empresa de transporte de mercanc\u00edas en Granada. Queremos conocerte y poner en valor tu experiencia en log\u00edstica y transporte. Env\u00edanos tu curr\u00edculum si quieres recorrer con nosotros un camino lleno de \u00e9xitos. En Transportes Garrido y Ramos, apreciamos el talento que nos [&hellip;]","og_url":"https:\/\/transportesgarridoyramos.com\/en\/trabaja-con-nosotros\/","og_site_name":"Transportes Garrido y Ramos","article_modified_time":"2023-09-14T20:30:37+00:00","twitter_card":"summary_large_image","twitter_misc":{"Estimated reading time":"2 minutes"},"schema":{"@context":"https:\/\/schema.org","@graph":[{"@type":"WebPage","@id":"https:\/\/transportesgarridoyramos.com\/trabaja-con-nosotros\/","url":"https:\/\/transportesgarridoyramos.com\/trabaja-con-nosotros\/","name":"Trabaja con nosotros - Transportes Garrido y Ramos","isPartOf":{"@id":"https:\/\/transportesgarridoyramos.com\/#website"},"datePublished":"2023-09-06T17:01:43+00:00","dateModified":"2023-09-14T20:30:37+00:00","breadcrumb":{"@id":"https:\/\/transportesgarridoyramos.com\/trabaja-con-nosotros\/#breadcrumb"},"inLanguage":"en-GB","potentialAction":[{"@type":"ReadAction","target":["https:\/\/transportesgarridoyramos.com\/trabaja-con-nosotros\/"]}]},{"@type":"BreadcrumbList","@id":"https:\/\/transportesgarridoyramos.com\/trabaja-con-nosotros\/#breadcrumb","itemListElement":[{"@type":"ListItem","position":1,"name":"Portada","item":"https:\/\/transportesgarridoyramos.com\/"},{"@type":"ListItem","position":2,"name":"Trabaja con nosotros"}]},{"@type":"WebSite","@id":"https:\/\/transportesgarridoyramos.com\/#website","url":"https:\/\/transportesgarridoyramos.com\/","name":"Transportes Garrido y Ramos","description":"Paqueter\u00eda y Transporte de Frutas en Granada","publisher":{"@id":"https:\/\/transportesgarridoyramos.com\/#organization"},"potentialAction":[{"@type":"SearchAction","target":{"@type":"EntryPoint","urlTemplate":"https:\/\/transportesgarridoyramos.com\/?s={search_term_string}"},"query-input":"required name=search_term_string"}],"inLanguage":"en-GB"},{"@type":"Organization","@id":"https:\/\/transportesgarridoyramos.com\/#organization","name":"Transportes Garrido y Ramos","url":"https:\/\/transportesgarridoyramos.com\/","logo":{"@type":"ImageObject","inLanguage":"en-GB","@id":"https:\/\/transportesgarridoyramos.com\/#\/schema\/logo\/image\/","url":"https:\/\/transportesgarridoyramos.com\/wp-content\/uploads\/2023\/09\/cropped-6.-LOGO_TGR_DEFINITIVO-1.jpg","contentUrl":"https:\/\/transportesgarridoyramos.com\/wp-content\/uploads\/2023\/09\/cropped-6.-LOGO_TGR_DEFINITIVO-1.jpg","width":512,"height":512,"caption":"Transportes Garrido y Ramos"},"image":{"@id":"https:\/\/transportesgarridoyramos.com\/#\/schema\/logo\/image\/"}}]}},"_links":{"self":[{"href":"https:\/\/transportesgarridoyramos.com\/en\/wp-json\/wp\/v2\/pages\/81568","targetHints":{"allow":["GET"]}}],"collection":[{"href":"https:\/\/transportesgarridoyramos.com\/en\/wp-json\/wp\/v2\/pages"}],"about":[{"href":"https:\/\/transportesgarridoyramos.com\/en\/wp-json\/wp\/v2\/types\/page"}],"author":[{"embeddable":true,"href":"https:\/\/transportesgarridoyramos.com\/en\/wp-json\/wp\/v2\/users\/2"}],"replies":[{"embeddable":true,"href":"https:\/\/transportesgarridoyramos.com\/en\/wp-json\/wp\/v2\/comments?post=81568"}],"version-history":[{"count":5,"href":"https:\/\/transportesgarridoyramos.com\/en\/wp-json\/wp\/v2\/pages\/81568\/revisions"}],"predecessor-version":[{"id":81651,"href":"https:\/\/transportesgarridoyramos.com\/en\/wp-json\/wp\/v2\/pages\/81568\/revisions\/81651"}],"wp:attachment":[{"href":"https:\/\/transportesgarridoyramos.com\/en\/wp-json\/wp\/v2\/media?parent=81568"}],"curies":[{"name":"wp","href":"https:\/\/api.w.org\/{rel}","templated":true}]}}