{"id":81565,"date":"2023-09-06T17:00:05","date_gmt":"2023-09-06T17:00:05","guid":{"rendered":"http:\/\/transportesgarridoyramos.com\/?page_id=81565"},"modified":"2023-11-08T09:04:59","modified_gmt":"2023-11-08T09:04:59","slug":"paqueteria-transporte-frutas-granada","status":"publish","type":"page","link":"https:\/\/transportesgarridoyramos.com\/en\/paqueteria-transporte-frutas-granada\/","title":{"rendered":"Servicios"},"content":{"rendered":"[et_pb_section fb_built=\u00bb1&#8243; _builder_version=\u00bb4.20.4&#8243; _module_preset=\u00bbdefault\u00bb use_background_color_gradient=\u00bbon\u00bb background_color_gradient_type=\u00bbcircular\u00bb background_color_gradient_direction_radial=\u00bbleft\u00bb background_color_gradient_stops=\u00bbrgba(65,137,201,0.8) 50%|rgba(190,30,40,0.8) 50%\u00bb background_color_gradient_overlays_image=\u00bbon\u00bb background_image=\u00bbhttp:\/\/transportesgarridoyramos.com\/wp-content\/uploads\/2023\/09\/Transporte.jpg\u00bb custom_padding=\u00bb100px||100px||true|false\u00bb locked=\u00bboff\u00bb global_colors_info=\u00bb{}\u00bb][et_pb_row column_structure=\u00bb3_5,2_5&#8243; _builder_version=\u00bb4.20.4&#8243; _module_preset=\u00bbdefault\u00bb global_colors_info=\u00bb{}\u00bb][et_pb_column type=\u00bb3_5&#8243; _builder_version=\u00bb4.20.4&#8243; _module_preset=\u00bbdefault\u00bb global_colors_info=\u00bb{}\u00bb][et_pb_text _builder_version=\u00bb4.20.4&#8243; _module_preset=\u00bbdefault\u00bb header_4_font=\u00bbManrope|800|||||||\u00bb header_4_text_align=\u00bbleft\u00bb header_4_text_color=\u00bb#FFFFFF\u00bb header_4_font_size=\u00bb15px\u00bb header_4_line_height=\u00bb1.4em\u00bb custom_margin=\u00bb0px||1px||false|false\u00bb custom_padding=\u00bb0px||0px||false|false\u00bb locked=\u00bboff\u00bb global_colors_info=\u00bb{}\u00bb]<h4>Paqueter\u00eda y transporte de frutas en Granada<\/h4>[\/et_pb_text][et_pb_text _builder_version=\u00bb4.20.4&#8243; _module_preset=\u00bbdefault\u00bb header_2_font=\u00bbBarlow Condensed|600||on|||||\u00bb header_2_text_align=\u00bbleft\u00bb header_2_text_color=\u00bb#1b1a1a\u00bb header_2_font_size=\u00bb52px\u00bb header_2_line_height=\u00bb1.1em\u00bb custom_margin=\u00bb0px||0px||false|false\u00bb custom_padding=\u00bb0px||0px||false|false\u00bb header_2_font_size_tablet=\u00bb52px\u00bb header_2_font_size_phone=\u00bb30px\u00bb header_2_font_size_last_edited=\u00bbon|phone\u00bb locked=\u00bboff\u00bb global_colors_info=\u00bb{}\u00bb]<h2><span style=\"color: #ffffff;\">Nuestros servicios<\/span><\/h2>[\/et_pb_text][\/et_pb_column][et_pb_column type=\u00bb2_5&#8243; _builder_version=\u00bb4.20.4&#8243; _module_preset=\u00bbdefault\u00bb global_colors_info=\u00bb{}\u00bb][\/et_pb_column][\/et_pb_row][\/et_pb_section][et_pb_section fb_built=\u00bb1&#8243; _builder_version=\u00bb4.20.4&#8243; _module_preset=\u00bbdefault\u00bb background_color=\u00bb#FFFFFF\u00bb global_colors_info=\u00bb{}\u00bb][et_pb_row column_structure=\u00bb1_2,1_2&#8243; _builder_version=\u00bb4.20.4&#8243; _module_preset=\u00bbdefault\u00bb global_colors_info=\u00bb{}\u00bb][et_pb_column type=\u00bb1_2&#8243; _builder_version=\u00bb4.20.4&#8243; _module_preset=\u00bbdefault\u00bb background_enable_color=\u00bboff\u00bb global_colors_info=\u00bb{}\u00bb][et_pb_blurb title=\u00bbTransporte de fruta\u00bb image=\u00bbhttp:\/\/transportesgarridoyramos.com\/wp-content\/uploads\/2023\/09\/Mesa-de-trabajo-3-copia-100.jpg\u00bb alt=\u00bbfRUTAS\u00bb icon_alignment=\u00bbleft\u00bb icon_alignment_tablet=\u00bbleft\u00bb icon_alignment_phone=\u00bbcenter\u00bb icon_alignment_last_edited=\u00bbon|phone\u00bb content_max_width_tablet=\u00bb140px\u00bb content_max_width_phone=\u00bb100%\u00bb content_max_width_last_edited=\u00bbon|phone\u00bb _builder_version=\u00bb4.20.4&#8243; _module_preset=\u00bbdefault\u00bb header_level=\u00bbh2&#8243; header_font=\u00bbBarlow Condensed||||||||\u00bb header_text_align=\u00bbleft\u00bb header_text_color=\u00bb#000000&#8243; header_font_size=\u00bb52px\u00bb header_line_height=\u00bb1.2em\u00bb width=\u00bb100%\u00bb width_tablet=\u00bb33%\u00bb width_phone=\u00bb100%\u00bb width_last_edited=\u00bbon|tablet\u00bb max_width_tablet=\u00bb33%\u00bb max_width_phone=\u00bb100%\u00bb max_width_last_edited=\u00bbon|tablet\u00bb custom_margin_tablet=\u00bb0px||0px||false|false\u00bb custom_margin_phone=\u00bb0px||30px||false|false\u00bb custom_margin_last_edited=\u00bbon|phone\u00bb animation=\u00bboff\u00bb header_text_align_tablet=\u00bbleft\u00bb header_text_align_phone=\u00bbcenter\u00bb header_text_align_last_edited=\u00bbon|phone\u00bb custom_css_main_element=\u00bbdisplay:inline-block;\u00bb custom_css_blurb_title=\u00bbmargin-top:-12px;\u00bb custom_css_blurb_content=\u00bbmargin:0px;\u00bb border_color_all=\u00bb#FFFFFF\u00bb border_width_bottom=\u00bb2px\u00bb border_color_bottom=\u00bb#E02B20&#8243; global_colors_info=\u00bb{}\u00bb][\/et_pb_blurb][et_pb_text _builder_version=\u00bb4.20.4&#8243; _module_preset=\u00bbdefault\u00bb text_font=\u00bbManrope||||||||\u00bb text_text_color=\u00bb#9b9b9b\u00bb text_line_height=\u00bb1.8em\u00bb custom_margin_tablet=\u00bb0px|0px|39px|0px|false|false\u00bb custom_margin_phone=\u00bb||34px||false|false\u00bb custom_margin_last_edited=\u00bboff|desktop\u00bb hover_enabled=\u00bb0&#8243; global_colors_info=\u00bb{}\u00bb sticky_enabled=\u00bb0&#8243;]<p>En Transportes Garrido y Ramos estamos especializados en el<strong> transporte de fruta<\/strong> a nivel nacional por carretera, donde cuidamos la integridad y frescura de cada carga, y aseguramos la entrega en los plazos previstos.<\/p>\n<p>Adaptamos nuestro servicio a las necesidades de su empresa. Siempre que el producto sea accesible para el transporte en nuestros camiones, lo haremos llegar a su destino en perfectas condiciones siguiendo la agenda pactada.<\/p>[\/et_pb_text][\/et_pb_column][et_pb_column type=\u00bb1_2&#8243; _builder_version=\u00bb4.20.4&#8243; _module_preset=\u00bbdefault\u00bb global_colors_info=\u00bb{}\u00bb][et_pb_blurb title=\u00bbServicio de paqueter\u00eda\u00a0\u00bb image=\u00bbhttp:\/\/transportesgarridoyramos.com\/wp-content\/uploads\/2023\/09\/Mesa-de-trabajo-3-100.jpg\u00bb alt=\u00bbPaquete\u00bb icon_alignment=\u00bbleft\u00bb icon_alignment_tablet=\u00bbleft\u00bb icon_alignment_phone=\u00bbcenter\u00bb icon_alignment_last_edited=\u00bbon|phone\u00bb content_max_width_tablet=\u00bb140px\u00bb content_max_width_phone=\u00bb100%\u00bb content_max_width_last_edited=\u00bbon|phone\u00bb _builder_version=\u00bb4.20.4&#8243; _module_preset=\u00bbdefault\u00bb header_level=\u00bbh2&#8243; header_font=\u00bbBarlow Condensed||||||||\u00bb header_text_align=\u00bbleft\u00bb header_text_color=\u00bb#000000&#8243; header_font_size=\u00bb52px\u00bb header_line_height=\u00bb1.2em\u00bb width=\u00bb100%\u00bb width_tablet=\u00bb33%\u00bb width_phone=\u00bb100%\u00bb width_last_edited=\u00bbon|tablet\u00bb max_width_tablet=\u00bb33%\u00bb max_width_phone=\u00bb100%\u00bb max_width_last_edited=\u00bbon|tablet\u00bb animation=\u00bboff\u00bb header_text_align_tablet=\u00bbleft\u00bb header_text_align_phone=\u00bbcenter\u00bb header_text_align_last_edited=\u00bbon|phone\u00bb custom_css_main_element=\u00bbdisplay:inline-block;\u00bb custom_css_blurb_title=\u00bbmargin-top:-12px;\u00bb custom_css_blurb_content=\u00bbmargin:0px;\u00bb border_color_all=\u00bb#FFFFFF\u00bb border_width_bottom=\u00bb2px\u00bb border_color_bottom=\u00bb#E02B20&#8243; global_colors_info=\u00bb{}\u00bb][\/et_pb_blurb][et_pb_text _builder_version=\u00bb4.20.4&#8243; _module_preset=\u00bbdefault\u00bb text_font=\u00bbManrope||||||||\u00bb text_text_color=\u00bb#9b9b9b\u00bb text_line_height=\u00bb1.8em\u00bb hover_enabled=\u00bb0&#8243; global_colors_info=\u00bb{}\u00bb sticky_enabled=\u00bb0&#8243;]<p>Ofrecemos nuestros servicios de paqueter\u00eda para empresas, en Transportes Garrido y Ramos destacamos por la nuestra eficiencia, infraestructura log\u00edstica y compromiso garantizan entregas con m\u00e1xima seguridad y puntualidad.<\/p>\n<p>Colaboramos con otras empresas de todo tipo desde peque\u00f1as a otras empresas de distribuci\u00f3n como Seur, Correos, Correos Express, Trota, DHL y tambi\u00e9n con WTRANSNET.<\/p>[\/et_pb_text][\/et_pb_column][\/et_pb_row][et_pb_row column_structure=\u00bb1_2,1_2&#8243; _builder_version=\u00bb4.20.4&#8243; _module_preset=\u00bbdefault\u00bb global_colors_info=\u00bb{}\u00bb][et_pb_column type=\u00bb1_2&#8243; _builder_version=\u00bb4.20.4&#8243; _module_preset=\u00bbdefault\u00bb global_colors_info=\u00bb{}\u00bb][et_pb_blurb title=\u00bbFlota de camiones para el transporte nacional\u00bb image=\u00bbhttp:\/\/transportesgarridoyramos.com\/wp-content\/uploads\/2023\/09\/logistic-9-yam-2.jpg\u00bb alt=\u00bblogistic-9-yam-2&#8243; icon_alignment=\u00bbleft\u00bb icon_alignment_tablet=\u00bbleft\u00bb icon_alignment_phone=\u00bbcenter\u00bb icon_alignment_last_edited=\u00bbon|phone\u00bb content_max_width_tablet=\u00bb140px\u00bb content_max_width_phone=\u00bb100%\u00bb content_max_width_last_edited=\u00bbon|phone\u00bb _builder_version=\u00bb4.20.4&#8243; _module_preset=\u00bbdefault\u00bb header_level=\u00bbh2&#8243; header_font=\u00bbBarlow Condensed||||||||\u00bb header_text_align=\u00bbleft\u00bb header_text_color=\u00bb#000000&#8243; header_font_size=\u00bb52px\u00bb header_line_height=\u00bb1.2em\u00bb width=\u00bb100%\u00bb width_tablet=\u00bb33%\u00bb width_phone=\u00bb100%\u00bb width_last_edited=\u00bbon|tablet\u00bb max_width_tablet=\u00bb33%\u00bb max_width_phone=\u00bb100%\u00bb max_width_last_edited=\u00bbon|tablet\u00bb animation=\u00bboff\u00bb header_text_align_tablet=\u00bbleft\u00bb header_text_align_phone=\u00bbcenter\u00bb header_text_align_last_edited=\u00bbon|phone\u00bb custom_css_main_element=\u00bbdisplay:inline-block;\u00bb custom_css_blurb_title=\u00bbmargin-top:-12px;\u00bb custom_css_blurb_content=\u00bbmargin:0px;\u00bb border_color_all=\u00bb#FFFFFF\u00bb border_width_bottom=\u00bb2px\u00bb border_color_bottom=\u00bb#E02B20&#8243; global_colors_info=\u00bb{}\u00bb][\/et_pb_blurb][et_pb_text _builder_version=\u00bb4.20.4&#8243; _module_preset=\u00bbdefault\u00bb text_font=\u00bbManrope||||||||\u00bb text_text_color=\u00bb#9b9b9b\u00bb text_line_height=\u00bb1.8em\u00bb global_colors_info=\u00bb{}\u00bb]<p>Nuestra <strong>flota de trasporte nacional, compuesta por 18 tractoras y 19 remolques<\/strong>, se destaca por su eficacia y su versatilidad. Con varios remolques frigor\u00edficos, garantizamos siempre la calidad y la frescura de los productos transportados.<\/p>[\/et_pb_text][\/et_pb_column][et_pb_column type=\u00bb1_2&#8243; _builder_version=\u00bb4.20.4&#8243; _module_preset=\u00bbdefault\u00bb global_colors_info=\u00bb{}\u00bb][et_pb_blurb title=\u00bbInstalaciones propias\u00bb image=\u00bbhttp:\/\/transportesgarridoyramos.com\/wp-content\/uploads\/2023\/09\/logistic-9-yam-5.jpg\u00bb icon_alignment=\u00bbleft\u00bb icon_alignment_tablet=\u00bbleft\u00bb icon_alignment_phone=\u00bbcenter\u00bb icon_alignment_last_edited=\u00bbon|phone\u00bb content_max_width_tablet=\u00bb140px\u00bb content_max_width_phone=\u00bb100%\u00bb content_max_width_last_edited=\u00bbon|phone\u00bb _builder_version=\u00bb4.20.4&#8243; _module_preset=\u00bbdefault\u00bb header_level=\u00bbh2&#8243; header_font=\u00bbBarlow Condensed||||||||\u00bb header_text_align=\u00bbleft\u00bb header_text_color=\u00bb#000000&#8243; header_font_size=\u00bb52px\u00bb header_line_height=\u00bb1.2em\u00bb width=\u00bb100%\u00bb width_tablet=\u00bb33%\u00bb width_phone=\u00bb100%\u00bb width_last_edited=\u00bbon|tablet\u00bb max_width_tablet=\u00bb33%\u00bb max_width_phone=\u00bb100%\u00bb max_width_last_edited=\u00bbon|tablet\u00bb animation=\u00bboff\u00bb header_text_align_tablet=\u00bbleft\u00bb header_text_align_phone=\u00bbcenter\u00bb header_text_align_last_edited=\u00bbon|phone\u00bb custom_css_main_element=\u00bbdisplay:inline-block;\u00bb custom_css_blurb_title=\u00bbmargin-top:-12px;\u00bb custom_css_blurb_content=\u00bbmargin:0px;\u00bb border_color_all=\u00bb#FFFFFF\u00bb border_width_bottom=\u00bb2px\u00bb border_color_bottom=\u00bb#E02B20&#8243; global_colors_info=\u00bb{}\u00bb][\/et_pb_blurb][et_pb_text _builder_version=\u00bb4.20.4&#8243; _module_preset=\u00bbdefault\u00bb text_font=\u00bbManrope||||||||\u00bb text_text_color=\u00bb#9b9b9b\u00bb text_line_height=\u00bb1.8em\u00bb global_colors_info=\u00bb{}\u00bb]Con taller y lavadero propios, aseguramos que cada veh\u00edculo est\u00e9 en \u00f3ptimas condiciones, garantizando entregas seguras y puntuales. Nuestra oficina central coordina cada detalle con precisi\u00f3n, brindando una comunicaci\u00f3n fluida. Adem\u00e1s, ofrecemos aparcamiento abierto y cubierto, protegiendo su carga y veh\u00edculos de manera integral. [\/et_pb_text][\/et_pb_column][\/et_pb_row][\/et_pb_section]","protected":false},"excerpt":{"rendered":"<p>Paqueter\u00eda y transporte de frutas en GranadaNuestros serviciosEn Transportes Garrido y Ramos estamos especializados en el transporte de fruta a nivel nacional por carretera, donde cuidamos la integridad y frescura de cada carga, y aseguramos la entrega en los plazos previstos. Adaptamos nuestro servicio a las necesidades de su empresa. Siempre que el producto sea [&hellip;]<\/p>","protected":false},"author":2,"featured_media":0,"parent":0,"menu_order":0,"comment_status":"closed","ping_status":"closed","template":"","meta":{"_et_pb_use_builder":"on","_et_pb_old_content":"","_et_gb_content_width":"","_monsterinsights_skip_tracking":false,"_monsterinsights_sitenote_active":false,"_monsterinsights_sitenote_note":"","_monsterinsights_sitenote_category":0,"footnotes":""},"class_list":["post-81565","page","type-page","status-publish","hentry"],"yoast_head":"<!-- This site is optimized with the Yoast SEO plugin v21.5 - https:\/\/yoast.com\/wordpress\/plugins\/seo\/ -->\n<title>Servicios - Transportes Garrido y Ramos<\/title>\n<meta name=\"description\" content=\"Tu empresa de paqueter\u00eda y transporte de frutas en Granada, trabajamos a nivel nacional. Contacta con nosotros y pregunta precios \/\/ 633552386\" \/>\n<meta name=\"robots\" content=\"index, follow, max-snippet:-1, max-image-preview:large, max-video-preview:-1\" \/>\n<link rel=\"canonical\" href=\"https:\/\/transportesgarridoyramos.com\/en\/paqueteria-transporte-frutas-granada\/\" \/>\n<meta property=\"og:locale\" content=\"en_GB\" \/>\n<meta property=\"og:type\" content=\"article\" \/>\n<meta property=\"og:title\" content=\"Servicios - Transportes Garrido y Ramos\" \/>\n<meta property=\"og:description\" content=\"Tu empresa de paqueter\u00eda y transporte de frutas en Granada, trabajamos a nivel nacional. Contacta con nosotros y pregunta precios \/\/ 633552386\" \/>\n<meta property=\"og:url\" content=\"https:\/\/transportesgarridoyramos.com\/en\/paqueteria-transporte-frutas-granada\/\" \/>\n<meta property=\"og:site_name\" content=\"Transportes Garrido y Ramos\" \/>\n<meta property=\"article:modified_time\" content=\"2023-11-08T09:04:59+00:00\" \/>\n<meta name=\"twitter:card\" content=\"summary_large_image\" \/>\n<meta name=\"twitter:label1\" content=\"Estimated reading time\" \/>\n\t<meta name=\"twitter:data1\" content=\"3 minutes\" \/>\n<script type=\"application\/ld+json\" class=\"yoast-schema-graph\">{\"@context\":\"https:\/\/schema.org\",\"@graph\":[{\"@type\":\"WebPage\",\"@id\":\"https:\/\/transportesgarridoyramos.com\/paqueteria-transporte-frutas-granada\/\",\"url\":\"https:\/\/transportesgarridoyramos.com\/paqueteria-transporte-frutas-granada\/\",\"name\":\"Servicios - Transportes Garrido y Ramos\",\"isPartOf\":{\"@id\":\"https:\/\/transportesgarridoyramos.com\/#website\"},\"datePublished\":\"2023-09-06T17:00:05+00:00\",\"dateModified\":\"2023-11-08T09:04:59+00:00\",\"description\":\"Tu empresa de paqueter\u00eda y transporte de frutas en Granada, trabajamos a nivel nacional. Contacta con nosotros y pregunta precios \/\/ 633552386\",\"breadcrumb\":{\"@id\":\"https:\/\/transportesgarridoyramos.com\/paqueteria-transporte-frutas-granada\/#breadcrumb\"},\"inLanguage\":\"en-GB\",\"potentialAction\":[{\"@type\":\"ReadAction\",\"target\":[\"https:\/\/transportesgarridoyramos.com\/paqueteria-transporte-frutas-granada\/\"]}]},{\"@type\":\"BreadcrumbList\",\"@id\":\"https:\/\/transportesgarridoyramos.com\/paqueteria-transporte-frutas-granada\/#breadcrumb\",\"itemListElement\":[{\"@type\":\"ListItem\",\"position\":1,\"name\":\"Portada\",\"item\":\"https:\/\/transportesgarridoyramos.com\/\"},{\"@type\":\"ListItem\",\"position\":2,\"name\":\"Servicios\"}]},{\"@type\":\"WebSite\",\"@id\":\"https:\/\/transportesgarridoyramos.com\/#website\",\"url\":\"https:\/\/transportesgarridoyramos.com\/\",\"name\":\"Transportes Garrido y Ramos\",\"description\":\"Paqueter\u00eda y Transporte de Frutas en Granada\",\"publisher\":{\"@id\":\"https:\/\/transportesgarridoyramos.com\/#organization\"},\"potentialAction\":[{\"@type\":\"SearchAction\",\"target\":{\"@type\":\"EntryPoint\",\"urlTemplate\":\"https:\/\/transportesgarridoyramos.com\/?s={search_term_string}\"},\"query-input\":\"required name=search_term_string\"}],\"inLanguage\":\"en-GB\"},{\"@type\":\"Organization\",\"@id\":\"https:\/\/transportesgarridoyramos.com\/#organization\",\"name\":\"Transportes Garrido y Ramos\",\"url\":\"https:\/\/transportesgarridoyramos.com\/\",\"logo\":{\"@type\":\"ImageObject\",\"inLanguage\":\"en-GB\",\"@id\":\"https:\/\/transportesgarridoyramos.com\/#\/schema\/logo\/image\/\",\"url\":\"https:\/\/transportesgarridoyramos.com\/wp-content\/uploads\/2023\/09\/cropped-6.-LOGO_TGR_DEFINITIVO-1.jpg\",\"contentUrl\":\"https:\/\/transportesgarridoyramos.com\/wp-content\/uploads\/2023\/09\/cropped-6.-LOGO_TGR_DEFINITIVO-1.jpg\",\"width\":512,\"height\":512,\"caption\":\"Transportes Garrido y Ramos\"},\"image\":{\"@id\":\"https:\/\/transportesgarridoyramos.com\/#\/schema\/logo\/image\/\"}}]}<\/script>\n<!-- \/ Yoast SEO plugin. -->","yoast_head_json":{"title":"Servicios - Transportes Garrido y Ramos","description":"Tu empresa de paqueter\u00eda y transporte de frutas en Granada, trabajamos a nivel nacional. Contacta con nosotros y pregunta precios \/\/ 633552386","robots":{"index":"index","follow":"follow","max-snippet":"max-snippet:-1","max-image-preview":"max-image-preview:large","max-video-preview":"max-video-preview:-1"},"canonical":"https:\/\/transportesgarridoyramos.com\/en\/paqueteria-transporte-frutas-granada\/","og_locale":"en_GB","og_type":"article","og_title":"Servicios - Transportes Garrido y Ramos","og_description":"Tu empresa de paqueter\u00eda y transporte de frutas en Granada, trabajamos a nivel nacional. Contacta con nosotros y pregunta precios \/\/ 633552386","og_url":"https:\/\/transportesgarridoyramos.com\/en\/paqueteria-transporte-frutas-granada\/","og_site_name":"Transportes Garrido y Ramos","article_modified_time":"2023-11-08T09:04:59+00:00","twitter_card":"summary_large_image","twitter_misc":{"Estimated reading time":"3 minutes"},"schema":{"@context":"https:\/\/schema.org","@graph":[{"@type":"WebPage","@id":"https:\/\/transportesgarridoyramos.com\/paqueteria-transporte-frutas-granada\/","url":"https:\/\/transportesgarridoyramos.com\/paqueteria-transporte-frutas-granada\/","name":"Servicios - Transportes Garrido y Ramos","isPartOf":{"@id":"https:\/\/transportesgarridoyramos.com\/#website"},"datePublished":"2023-09-06T17:00:05+00:00","dateModified":"2023-11-08T09:04:59+00:00","description":"Tu empresa de paqueter\u00eda y transporte de frutas en Granada, trabajamos a nivel nacional. Contacta con nosotros y pregunta precios \/\/ 633552386","breadcrumb":{"@id":"https:\/\/transportesgarridoyramos.com\/paqueteria-transporte-frutas-granada\/#breadcrumb"},"inLanguage":"en-GB","potentialAction":[{"@type":"ReadAction","target":["https:\/\/transportesgarridoyramos.com\/paqueteria-transporte-frutas-granada\/"]}]},{"@type":"BreadcrumbList","@id":"https:\/\/transportesgarridoyramos.com\/paqueteria-transporte-frutas-granada\/#breadcrumb","itemListElement":[{"@type":"ListItem","position":1,"name":"Portada","item":"https:\/\/transportesgarridoyramos.com\/"},{"@type":"ListItem","position":2,"name":"Servicios"}]},{"@type":"WebSite","@id":"https:\/\/transportesgarridoyramos.com\/#website","url":"https:\/\/transportesgarridoyramos.com\/","name":"Transportes Garrido y Ramos","description":"Paqueter\u00eda y Transporte de Frutas en Granada","publisher":{"@id":"https:\/\/transportesgarridoyramos.com\/#organization"},"potentialAction":[{"@type":"SearchAction","target":{"@type":"EntryPoint","urlTemplate":"https:\/\/transportesgarridoyramos.com\/?s={search_term_string}"},"query-input":"required name=search_term_string"}],"inLanguage":"en-GB"},{"@type":"Organization","@id":"https:\/\/transportesgarridoyramos.com\/#organization","name":"Transportes Garrido y Ramos","url":"https:\/\/transportesgarridoyramos.com\/","logo":{"@type":"ImageObject","inLanguage":"en-GB","@id":"https:\/\/transportesgarridoyramos.com\/#\/schema\/logo\/image\/","url":"https:\/\/transportesgarridoyramos.com\/wp-content\/uploads\/2023\/09\/cropped-6.-LOGO_TGR_DEFINITIVO-1.jpg","contentUrl":"https:\/\/transportesgarridoyramos.com\/wp-content\/uploads\/2023\/09\/cropped-6.-LOGO_TGR_DEFINITIVO-1.jpg","width":512,"height":512,"caption":"Transportes Garrido y Ramos"},"image":{"@id":"https:\/\/transportesgarridoyramos.com\/#\/schema\/logo\/image\/"}}]}},"_links":{"self":[{"href":"https:\/\/transportesgarridoyramos.com\/en\/wp-json\/wp\/v2\/pages\/81565","targetHints":{"allow":["GET"]}}],"collection":[{"href":"https:\/\/transportesgarridoyramos.com\/en\/wp-json\/wp\/v2\/pages"}],"about":[{"href":"https:\/\/transportesgarridoyramos.com\/en\/wp-json\/wp\/v2\/types\/page"}],"author":[{"embeddable":true,"href":"https:\/\/transportesgarridoyramos.com\/en\/wp-json\/wp\/v2\/users\/2"}],"replies":[{"embeddable":true,"href":"https:\/\/transportesgarridoyramos.com\/en\/wp-json\/wp\/v2\/comments?post=81565"}],"version-history":[{"count":9,"href":"https:\/\/transportesgarridoyramos.com\/en\/wp-json\/wp\/v2\/pages\/81565\/revisions"}],"predecessor-version":[{"id":81676,"href":"https:\/\/transportesgarridoyramos.com\/en\/wp-json\/wp\/v2\/pages\/81565\/revisions\/81676"}],"wp:attachment":[{"href":"https:\/\/transportesgarridoyramos.com\/en\/wp-json\/wp\/v2\/media?parent=81565"}],"curies":[{"name":"wp","href":"https:\/\/api.w.org\/{rel}","templated":true}]}}